{"id":15,"date":"2017-02-28T16:18:28","date_gmt":"2017-02-28T16:18:28","guid":{"rendered":"http:\/\/www.emmanuelcb.com\/?page_id=15"},"modified":"2017-06-13T02:41:11","modified_gmt":"2017-06-13T02:41:11","slug":"faq","status":"publish","type":"page","link":"https:\/\/www.emmanuelcb.com\/es\/faq\/","title":{"rendered":"PF"},"content":{"rendered":"<p><img data-recalc-dims=\"1\" decoding=\"async\" loading=\"lazy\" src=\"https:\/\/i0.wp.com\/www.emmanuelcb.com\/wp-content\/uploads\/2017\/02\/faq-1.jpg?resize=800%2C208\" alt=\"\" width=\"800\" height=\"208\" class=\"alignnone size-full wp-image-1373\" srcset=\"https:\/\/i0.wp.com\/www.emmanuelcb.com\/wp-content\/uploads\/2017\/02\/faq-1.jpg?w=1920&amp;ssl=1 1920w, https:\/\/i0.wp.com\/www.emmanuelcb.com\/wp-content\/uploads\/2017\/02\/faq-1.jpg?resize=300%2C78&amp;ssl=1 300w, https:\/\/i0.wp.com\/www.emmanuelcb.com\/wp-content\/uploads\/2017\/02\/faq-1.jpg?resize=768%2C200&amp;ssl=1 768w, https:\/\/i0.wp.com\/www.emmanuelcb.com\/wp-content\/uploads\/2017\/02\/faq-1.jpg?resize=1024%2C267&amp;ssl=1 1024w, https:\/\/i0.wp.com\/www.emmanuelcb.com\/wp-content\/uploads\/2017\/02\/faq-1.jpg?w=1600 1600w\" sizes=\"auto, (max-width: 800px) 100vw, 800px\" \/><\/p>\n<div id=\"accordions-1429\" class=\"accordions-1429 accordions\" data-accordions={&quot;lazyLoad&quot;:false,&quot;id&quot;:&quot;1429&quot;,&quot;event&quot;:&quot;click&quot;,&quot;collapsible&quot;:&quot;true&quot;,&quot;heightStyle&quot;:&quot;content&quot;,&quot;animateStyle&quot;:&quot;swing&quot;,&quot;animateDelay&quot;:1000,&quot;navigation&quot;:true,&quot;active&quot;:999,&quot;expandedOther&quot;:&quot;no&quot;}>\r\n                <div class=\"items\" >\r\n    \r\n            <div post_id=\"1429\" itemcount=\"0\"  header_id=\"header-0\" id=\"header-0\" style=\"\" class=\"accordions-head head0 border-none\" toggle-text=\"\" main-text=\"\u00bfQu\u00e9 es un agente de aduanas y qu\u00e9 funciones cumple?\">\r\n                                    <span id=\"accordion-icons-0\" class=\"accordion-icons\">\r\n                        <span class=\"accordion-icon-active accordion-plus\"><i class=\"fa fa-chevron-up\"><\/i><\/span>\r\n                        <span class=\"accordion-icon-inactive accordion-minus\"><i class=\"fa fa-chevron-down\"><\/i><\/span>\r\n                    <\/span>\r\n                    <span id=\"header-text-0\" class=\"accordions-head-title\">\u00bfQu\u00e9 es un agente de aduanas y qu\u00e9 funciones cumple?<\/span>\r\n                            <\/div>\r\n            <div class=\"accordion-content content0 \">\r\n                <p>Un agente de aduanas es una persona licenciada por el Servicio de Aduanas y Protecci\u00f3n de Frontera de los Estados Unidos (CBP) para tramitar asuntos de aduana de parte de un importador por un costo. Algunos de los deberes tradicionales de un agente son: Y preparar la entrada de importaci\u00f3n para un importador; garantizar el cumplimiento con normas del CBP y otras agencias del gobierno, proporcionar la fianza requerida, pagar impuestos y tarifas al CBP, y entregar carga al importador o su cliente. <\/p>\n            <\/div>\r\n    \r\n            <div post_id=\"1429\" itemcount=\"1\"  header_id=\"header-1497321303330\" id=\"header-1497321303330\" style=\"\" class=\"accordions-head head1497321303330 border-none\" toggle-text=\"\" main-text=\"\u00bfQu\u00e9 es el Sistema Arancelario Armonizado de los Estados Unidos (HTSUS)?\">\r\n                                    <span id=\"accordion-icons-1497321303330\" class=\"accordion-icons\">\r\n                        <span class=\"accordion-icon-active accordion-plus\"><i class=\"fa fa-chevron-up\"><\/i><\/span>\r\n                        <span class=\"accordion-icon-inactive accordion-minus\"><i class=\"fa fa-chevron-down\"><\/i><\/span>\r\n                    <\/span>\r\n                    <span id=\"header-text-1497321303330\" class=\"accordions-head-title\">\u00bfQu\u00e9 es el Sistema Arancelario Armonizado de los Estados Unidos (HTSUS)?<\/span>\r\n                            <\/div>\r\n            <div class=\"accordion-content content1497321303330 \">\r\n                <p>El Sistema Arancelario Armonizado de los Estados Unidos (HTSUS, por sus siglas en ingl\u00e9s) es un sistema de clasificaci\u00f3n de productos usado por los importadores y el CBP. El HTSUS se compone en parte por un sistema uniforme de clasificaci\u00f3n arancelaria usada por los principales pa\u00edses comerciantes de todo el mundo. La mercanc\u00eda se clasifica para el prop\u00f3sito de calcular los impuestos de importaci\u00f3n adecuados y mantener estad\u00edsticas sobre productos importados a los Estados Unidos.<\/p>\n            <\/div>\r\n    \r\n            <div post_id=\"1429\" itemcount=\"2\"  header_id=\"header-1497321364308\" id=\"header-1497321364308\" style=\"\" class=\"accordions-head head1497321364308 border-none\" toggle-text=\"\" main-text=\"\u00bfQu\u00e9 es una fianza de aduana y por qu\u00e9 debo pagarla?\">\r\n                                    <span id=\"accordion-icons-1497321364308\" class=\"accordion-icons\">\r\n                        <span class=\"accordion-icon-active accordion-plus\"><i class=\"fa fa-chevron-up\"><\/i><\/span>\r\n                        <span class=\"accordion-icon-inactive accordion-minus\"><i class=\"fa fa-chevron-down\"><\/i><\/span>\r\n                    <\/span>\r\n                    <span id=\"header-text-1497321364308\" class=\"accordions-head-title\">\u00bfQu\u00e9 es una fianza de aduana y por qu\u00e9 debo pagarla?<\/span>\r\n                            <\/div>\r\n            <div class=\"accordion-content content1497321364308 \">\r\n                <p class=\"MsoNormal\"><span lang=\"ES\">Las fianzas de aduanas son garant&iacute;as financieras entre 3 partes: El importador (el principal), la compa&ntilde;&iacute;a garante que emite la fianza, y el Servicio de Aduana y Protecci&oacute;n de Frontera (CBP). La fianza garantiza que si el Servicio de Aduana y Protecci&oacute;n de Frontera no puede cobrar dinero al importador puede buscar soluci&oacute;n, hasta la cantidad de la fianza, por parte de la compa&ntilde;&iacute;a garante. La fianza tambi&eacute;n indemniza a la compa&ntilde;&iacute;a garante, permiti&eacute;ndole usar cualquier medio legal para cobrarle al importador el dinero que deba ser pagado al CBP de parte del importador. El CBP requiere una fianza para la mayor&iacute;a de las entradas de aduana (con la excepci&oacute;n de objetos de valor bajo, efectos personales, o env&iacute;os de Carnet (qu&eacute; sirven como una fianza).<\/span><\/p>\n            <\/div>\r\n    \r\n            <div post_id=\"1429\" itemcount=\"3\"  header_id=\"header-1497321428571\" id=\"header-1497321428571\" style=\"\" class=\"accordions-head head1497321428571 border-none\" toggle-text=\"\" main-text=\"\u00bfQu\u00e9 agencias gubernamentales de EEUU est\u00e1n involucradas en la administraci\u00f3n de importaciones a EEUU?\">\r\n                                    <span id=\"accordion-icons-1497321428571\" class=\"accordion-icons\">\r\n                        <span class=\"accordion-icon-active accordion-plus\"><i class=\"fa fa-chevron-up\"><\/i><\/span>\r\n                        <span class=\"accordion-icon-inactive accordion-minus\"><i class=\"fa fa-chevron-down\"><\/i><\/span>\r\n                    <\/span>\r\n                    <span id=\"header-text-1497321428571\" class=\"accordions-head-title\">\u00bfQu\u00e9 agencias gubernamentales de EEUU est\u00e1n involucradas en la administraci\u00f3n de importaciones a EEUU?<\/span>\r\n                            <\/div>\r\n            <div class=\"accordion-content content1497321428571 \">\r\n                <p class=\"MsoNormal\"><span lang=\"ES\">Muchas agencias del gobierno est\u00e1n interesadas en sus actividades de importaci\u00f3n. A continuaci\u00f3n se nombran algunas de estas agencias junto a una breve descripci\u00f3n de sus responsabilidades:<\/span><\/p>\n<p class=\"MsoNormal\"><strong><span lang=\"ES\">Departamento de Agricultura (APHIS)<\/span><\/strong><span lang=\"ES\">: encargado del control de plantas, animales y plagas. El DA es la principal autoridad para normas de embalaje de madera.<\/span><\/p>\n<p class=\"MsoNormal\"><strong><span lang=\"ES\">Departamento de Comercio:<\/span><\/strong><span lang=\"ES\"> Recopila informaci\u00f3n estad\u00edsticas sobre env\u00edos de importaci\u00f3n.<\/span><\/p>\n<p class=\"MsoNormal\"><strong><span lang=\"ES\">Administraci\u00f3n de Alimentos y Medicamentos<\/span><\/strong><span lang=\"ES\">: garantiza que los alimentos y medicamentos cumplan ciertos est\u00e1ndares.<\/span><\/p>\n<p class=\"MsoNormal\"><span lang=\"ES\">Un <strong>Comisi\u00f3n de Seguridad de Productos de Consumo: <\/strong>regula Productos de consumo que en la FDA no maneje directamente (juguetes, ropa, y otros). <\/span><\/p>\n<p class=\"MsoNormal\"><strong><span lang=\"ES\">Servicio de Pesca y Vida Silvestre:<\/span><\/strong><span lang=\"ES\"> se encarga de animales no domesticados y productos hechos con partes de esos animales, est\u00e1 sujeto al tratado CITES.<\/span><\/p>\n<p class=\"MsoNormal\"><strong><span lang=\"ES\">Departamento de Estado:<\/span><\/strong><span lang=\"ES\"> monitorea artefactos y propiedad cultural importada de varios pa\u00edses ni puede involucrarse con la permisolog\u00eda de ciertas importaciones.<\/span><\/p>\n<p class=\"MsoNormal\"><strong><span lang=\"ES\">Departamento de Transporte, Agencia de Protecci\u00f3n Ambiental y la Administraci\u00f3n Federal de Aviaci\u00f3n:<\/span><\/strong><span lang=\"ES\"> regulan la importaci\u00f3n de autom\u00f3viles y aviones.<\/span><\/p>\n<p class=\"MsoNormal\"><strong><span lang=\"ES\">Oficina de Alcohol Tabaco y Armas de Fuego:<\/span><\/strong><span lang=\"ES\"> Emite licencias o permisos para importar bebidas alcoh\u00f3licas de todo tipo, armas de fuego y otras armas, y productos de tabaco. Tome en cuenta que algunos de estos productos est\u00e1n sujetos una normas de impuestos estatales.<\/span><\/p>\n<p class=\"MsoNormal\"><strong><span lang=\"ES\">Control de Activos Extranjeros:<\/span><\/strong><span lang=\"ES\"> emite licencias a productos de importaci\u00f3n que de otro modo estar\u00edan prohibidos (cigarros cubanos, alfombras iran\u00edes).<\/span><\/p>\n<p class=\"MsoNormal\"><strong><span lang=\"ES\">Comisi\u00f3n de Comercio Internacional de los Estados Unidos:<\/span><\/strong><span lang=\"ES\"> Una agencia federal independiente que determina perjuicios de importaci\u00f3n a industrias estadounidenses en investigaciones de impuestos compensatorios, anti-dumping, y protecci\u00f3n contra China; dirige acciones contra pr\u00e1cticas de comercio injustas que involucren infracciones de marcas registradas y derechos de autor; apoya a legisladores mediante an\u00e1lisis e investigaci\u00f3n econ\u00f3mica sobre la competividad global de las industrias estadounidenses.<\/span><\/p>\n            <\/div>\r\n    \r\n            <div post_id=\"1429\" itemcount=\"4\"  header_id=\"header-1497321476814\" id=\"header-1497321476814\" style=\"\" class=\"accordions-head head1497321476814 border-none\" toggle-text=\"\" main-text=\"\u00bfQu\u00e9 valor es el m\u00e1s com\u00fanmente usado para tasar la mercanc\u00eda importada?\">\r\n                                    <span id=\"accordion-icons-1497321476814\" class=\"accordion-icons\">\r\n                        <span class=\"accordion-icon-active accordion-plus\"><i class=\"fa fa-chevron-up\"><\/i><\/span>\r\n                        <span class=\"accordion-icon-inactive accordion-minus\"><i class=\"fa fa-chevron-down\"><\/i><\/span>\r\n                    <\/span>\r\n                    <span id=\"header-text-1497321476814\" class=\"accordions-head-title\">\u00bfQu\u00e9 valor es el m\u00e1s com\u00fanmente usado para tasar la mercanc\u00eda importada?<\/span>\r\n                            <\/div>\r\n            <div class=\"accordion-content content1497321476814 \">\r\n                <p class=\"MsoNormal\"><span lang=\"ES\">El valor m&aacute;s com&uacute;nmente usado para tasar la mercanc&iacute;a importada es el \"valor de transacci&oacute;n\" de la mercanc&iacute;a importada, es decir, el precio pagado o pagable por la mercanc&iacute;a cuando se vende al comprador de los EEUU m&aacute;s lo siguiente (si no est&aacute; incluido ya): costos de embalaje, comisiones de ventas, regal&iacute;as y tarifas de licencia y asistencia. Usted NO tiene que pagar impuestos por el costo de transporte internacional o seguro para su env&iacute;o.<\/span><\/p>\n            <\/div>\r\n    \r\n            <div post_id=\"1429\" itemcount=\"5\"  header_id=\"header-1497321492228\" id=\"header-1497321492228\" style=\"\" class=\"accordions-head head1497321492228 border-none\" toggle-text=\"\" main-text=\"\u00bfQui\u00e9n puede firmar el poder notarial?\">\r\n                                    <span id=\"accordion-icons-1497321492228\" class=\"accordion-icons\">\r\n                        <span class=\"accordion-icon-active accordion-plus\"><i class=\"fa fa-chevron-up\"><\/i><\/span>\r\n                        <span class=\"accordion-icon-inactive accordion-minus\"><i class=\"fa fa-chevron-down\"><\/i><\/span>\r\n                    <\/span>\r\n                    <span id=\"header-text-1497321492228\" class=\"accordions-head-title\">\u00bfQui\u00e9n puede firmar el poder notarial?<\/span>\r\n                            <\/div>\r\n            <div class=\"accordion-content content1497321492228 \">\r\n                <p class=\"MsoNormal\"><span lang=\"ES\">La aduana estadounidense es muy espec&iacute;fica sobre qui&eacute;n puede firmar un poder notarial. En la mayor&iacute;a de los casos, los &uacute;nicos oficiales corporativos que pueden firmar este documento sin \"art&iacute;culos de incorporaci&oacute;n\" de respaldo son&nbsp; el Presidente, Vice-Presidente, Secretario, o el Tesorero. Para algunas compa&ntilde;&iacute;as incorporadas m&aacute;s peque&ntilde;as, otros t&iacute;tulos pueden firmar los poderes notariales, pero solo si son el &uacute;nico oficial y eso est&aacute; definido en el poder notarial. Si tiene cualquier pregunta sobre qui&eacute;n puede firmar el poder notarial, por favor contacte con nosotros (use el enlace de Contacto).<\/span><\/p>\n            <\/div>\r\n    \r\n            <div post_id=\"1429\" itemcount=\"6\"  header_id=\"header-1497321521388\" id=\"header-1497321521388\" style=\"\" class=\"accordions-head head1497321521388 border-none\" toggle-text=\"\" main-text=\"\u00bfQu\u00e9 es una Zona de Comercio Extranjero (FTZ) y cu\u00e1ndo debo pagar impuestos por mercanc\u00eda que entra a una FTZ?\">\r\n                                    <span id=\"accordion-icons-1497321521388\" class=\"accordion-icons\">\r\n                        <span class=\"accordion-icon-active accordion-plus\"><i class=\"fa fa-chevron-up\"><\/i><\/span>\r\n                        <span class=\"accordion-icon-inactive accordion-minus\"><i class=\"fa fa-chevron-down\"><\/i><\/span>\r\n                    <\/span>\r\n                    <span id=\"header-text-1497321521388\" class=\"accordions-head-title\">\u00bfQu\u00e9 es una Zona de Comercio Extranjero (FTZ) y cu\u00e1ndo debo pagar impuestos por mercanc\u00eda que entra a una FTZ?<\/span>\r\n                            <\/div>\r\n            <div class=\"accordion-content content1497321521388 \">\r\n                <p class=\"MsoNormal\"><span lang=\"ES\">Una Zona de Comercio Extranjero (FTZ, por sus siglas en ingl&eacute;s) es un &aacute;rea en los Estados Unidos que no est&aacute; considerada \"en el&nbsp; territorio aduanero de los EEUU\" para ciertos prop&oacute;sitos legales. No se pagan impuestos cuando la mercanc&iacute;a entra a una Zona de Comercio Extranjero, sino cuando salen de all&iacute; y \"entran para el consumo\" en los Estados Unidos.<\/span><\/p>\n            <\/div>\r\n    \r\n            <div post_id=\"1429\" itemcount=\"7\"  header_id=\"header-1497321552476\" id=\"header-1497321552476\" style=\"\" class=\"accordions-head head1497321552476 border-none\" toggle-text=\"\" main-text=\"\u00bfQu\u00e9 es un almac\u00e9n aduanero?\">\r\n                                    <span id=\"accordion-icons-1497321552476\" class=\"accordion-icons\">\r\n                        <span class=\"accordion-icon-active accordion-plus\"><i class=\"fa fa-chevron-up\"><\/i><\/span>\r\n                        <span class=\"accordion-icon-inactive accordion-minus\"><i class=\"fa fa-chevron-down\"><\/i><\/span>\r\n                    <\/span>\r\n                    <span id=\"header-text-1497321552476\" class=\"accordions-head-title\">\u00bfQu\u00e9 es un almac\u00e9n aduanero?<\/span>\r\n                            <\/div>\r\n            <div class=\"accordion-content content1497321552476 \">\r\n                <p>Un almac\u00e9n aduanero es un almac\u00e9n que lleva una fianza aduanera especial y es usado para diferir legalmente un pago de impuestos. Hay \"clases\" espec\u00edficas de almacenes, y lo que se puede hacer con la mercanc\u00eda mientras est\u00e1 en el almac\u00e9n est\u00e1 limitado por la \"clase\". Entre las clases de almacenes aduaneros est\u00e1n:<\/p>\n<ul>\n<li>Clase 1: estos son los almacenes de propiedad o alquilados por el gobierno para uso del gobierno.<\/li>\n<li>Clase 2: un importador puede establecer este tipo de almac\u00e9n para su propia mercanc\u00eda. Es exclusivamente para almacenamiento, no se permite procesamiento de la mercanc\u00eda.<\/li>\n<li>Clase 3: los \"almacenes aduaneros p\u00fablicos\" son para el almacenamiento o de la mercanc\u00eda importada de de cualquier persona.<\/li>\n<li>Clase 4: son almacenes aduaneros para almacenamiento de art\u00edculos pesados o voluminosos; establos y corrales para ganado; y tanques grandes para almacenar l\u00edquidos.<\/li>\n<\/ul>\n<p>Acerca de nosotros:<\/p>\n<p>Emmanuel Customs Brokers es una compa\u00f1\u00eda internacional de servicios de agente de aduana y gesti\u00f3n de log\u00edstica. Nuestro personal profesional, servicio personalizado, red de socios, y conocimiento experto nos ha hecho l\u00edderes en la industria.<\/p>\n<p>Emmanuel Customs Brokers se esfuerza para ofrecer el mayor nivel de servicio y calidad en cada paso del proceso de importaci\u00f3n.  Creemos que las relaciones forjan negocios, y al ofrecer un servicio inigualable, usted puede tener la tranquilidad de que su negocio crecer\u00e1 tambi\u00e9n.  Sabemos cu\u00e1n dif\u00edcil es manejarse en los procesos de log\u00edstica, comercio internacional y cumplimiento de leyes y hacemos el proceso f\u00e1cil y eficiente.<\/p>\n            <\/div>\r\n    <\/div>\r\n\r\n\r\n\r\n            <\/div>\n","protected":false},"excerpt":{"rendered":"","protected":false},"author":1,"featured_media":0,"parent":0,"menu_order":0,"comment_status":"closed","ping_status":"closed","template":"template-fullwidth.php","meta":{"nf_dc_page":"","om_disable_all_campaigns":false,"footnotes":""},"class_list":["post-15","page","type-page","status-publish","hentry"],"translation":{"provider":"WPGlobus","version":"3.0.2","language":"es","enabled_languages":["en","es"],"languages":{"en":{"title":true,"content":true,"excerpt":false},"es":{"title":true,"content":true,"excerpt":false}}},"jetpack_sharing_enabled":true,"_links":{"self":[{"href":"https:\/\/www.emmanuelcb.com\/es\/wp-json\/wp\/v2\/pages\/15","targetHints":{"allow":["GET"]}}],"collection":[{"href":"https:\/\/www.emmanuelcb.com\/es\/wp-json\/wp\/v2\/pages"}],"about":[{"href":"https:\/\/www.emmanuelcb.com\/es\/wp-json\/wp\/v2\/types\/page"}],"author":[{"embeddable":true,"href":"https:\/\/www.emmanuelcb.com\/es\/wp-json\/wp\/v2\/users\/1"}],"replies":[{"embeddable":true,"href":"https:\/\/www.emmanuelcb.com\/es\/wp-json\/wp\/v2\/comments?post=15"}],"version-history":[{"count":19,"href":"https:\/\/www.emmanuelcb.com\/es\/wp-json\/wp\/v2\/pages\/15\/revisions"}],"predecessor-version":[{"id":1427,"href":"https:\/\/www.emmanuelcb.com\/es\/wp-json\/wp\/v2\/pages\/15\/revisions\/1427"}],"wp:attachment":[{"href":"https:\/\/www.emmanuelcb.com\/es\/wp-json\/wp\/v2\/media?parent=15"}],"curies":[{"name":"wp","href":"https:\/\/api.w.org\/{rel}","templated":true}]}}