{"id":1251,"date":"2016-02-12T07:54:41","date_gmt":"2016-02-12T07:54:41","guid":{"rendered":"http:\/\/demos.famethemes.com\/onepress\/?page_id=4"},"modified":"2017-06-12T23:37:41","modified_gmt":"2017-06-12T23:37:41","slug":"home-2","status":"publish","type":"page","link":"https:\/\/www.emmanuelcb.com\/es\/","title":{"rendered":"Inicio"},"content":{"rendered":"<p>Emmanuel Customs Brokers es una empresa de servicio de agente de aduana de servicio completo, con certificaci\u00f3n ABI, que puede manejar todas sus necesidades de importaci\u00f3n y aduana.  Como el enlace entre la empresa de entregas y los diferentes departamentos del Servicio de Aduanas y Protecci\u00f3n de Fronteras (CBP, por sus siglas en ingl\u00e9s), ECB toma la informaci\u00f3n de sus productos, las transacciones financieras entre usted y su proveedor o cliente internacional, y presenta esa informaci\u00f3n al CBP con la clasificaci\u00f3n, valor y valoraci\u00f3n tributaria correcta en el formato adecuado.<\/p>\n<p>Despachamos cada env\u00edo con atenci\u00f3n personal y experiencia. Nuestros agentes se dedican a monitorear las \u00faltimas leyes y normas de importaci\u00f3n y exportaci\u00f3n. Hemos desarrollado una relaci\u00f3n de trabajo integral con el CBP y otras agencias regulatorias de los EEUU para ofrecer la mejor soluci\u00f3n para todas sus necesidades de despacho de aduana, ofreci\u00e9ndole a nuestros clientes frecuentes un proceso simplificado que facilita el movimiento de sus mercanc\u00edas m\u00e1s frecuentemente transportadas mediante el CBP.  Esta experiencia significa que usted consigue precisi\u00f3n en la clasificaci\u00f3n, servicio al cliente oportuno, y un nivel de confianza inigualable. <\/p>\n","protected":false},"excerpt":{"rendered":"<p>Emmanuel Customs Brokers es una empresa de servicio de agente de aduana de servicio completo, con certificaci\u00f3n ABI, que puede manejar todas sus necesidades de importaci\u00f3n y aduana. Como el &#8230;<\/p>\n","protected":false},"author":1,"featured_media":0,"parent":0,"menu_order":0,"comment_status":"closed","ping_status":"closed","template":"template-frontpage.php","meta":{"nf_dc_page":"","om_disable_all_campaigns":false,"footnotes":""},"class_list":["post-1251","page","type-page","status-publish","hentry"],"translation":{"provider":"WPGlobus","version":"3.0.2","language":"es","enabled_languages":["en","es"],"languages":{"en":{"title":true,"content":true,"excerpt":false},"es":{"title":true,"content":true,"excerpt":false}}},"jetpack_sharing_enabled":true,"_links":{"self":[{"href":"https:\/\/www.emmanuelcb.com\/es\/wp-json\/wp\/v2\/pages\/1251","targetHints":{"allow":["GET"]}}],"collection":[{"href":"https:\/\/www.emmanuelcb.com\/es\/wp-json\/wp\/v2\/pages"}],"about":[{"href":"https:\/\/www.emmanuelcb.com\/es\/wp-json\/wp\/v2\/types\/page"}],"author":[{"embeddable":true,"href":"https:\/\/www.emmanuelcb.com\/es\/wp-json\/wp\/v2\/users\/1"}],"replies":[{"embeddable":true,"href":"https:\/\/www.emmanuelcb.com\/es\/wp-json\/wp\/v2\/comments?post=1251"}],"version-history":[{"count":3,"href":"https:\/\/www.emmanuelcb.com\/es\/wp-json\/wp\/v2\/pages\/1251\/revisions"}],"predecessor-version":[{"id":1446,"href":"https:\/\/www.emmanuelcb.com\/es\/wp-json\/wp\/v2\/pages\/1251\/revisions\/1446"}],"wp:attachment":[{"href":"https:\/\/www.emmanuelcb.com\/es\/wp-json\/wp\/v2\/media?parent=1251"}],"curies":[{"name":"wp","href":"https:\/\/api.w.org\/{rel}","templated":true}]}}