{"id":11,"date":"2017-02-28T16:19:21","date_gmt":"2017-02-28T16:19:21","guid":{"rendered":"http:\/\/www.emmanuelcb.com\/?page_id=11"},"modified":"2017-06-13T01:54:44","modified_gmt":"2017-06-13T01:54:44","slug":"personal-effects","status":"publish","type":"page","link":"https:\/\/www.emmanuelcb.com\/es\/personal-effects\/","title":{"rendered":"Efectos Personales"},"content":{"rendered":"<p><img data-recalc-dims=\"1\" decoding=\"async\" loading=\"lazy\" src=\"https:\/\/i0.wp.com\/www.emmanuelcb.com\/wp-content\/uploads\/2017\/02\/personaleffects.jpg?resize=800%2C208\" alt=\"\" width=\"800\" height=\"208\" class=\"alignnone size-full wp-image-1375\" srcset=\"https:\/\/i0.wp.com\/www.emmanuelcb.com\/wp-content\/uploads\/2017\/02\/personaleffects.jpg?w=1920&amp;ssl=1 1920w, https:\/\/i0.wp.com\/www.emmanuelcb.com\/wp-content\/uploads\/2017\/02\/personaleffects.jpg?resize=300%2C78&amp;ssl=1 300w, https:\/\/i0.wp.com\/www.emmanuelcb.com\/wp-content\/uploads\/2017\/02\/personaleffects.jpg?resize=768%2C200&amp;ssl=1 768w, https:\/\/i0.wp.com\/www.emmanuelcb.com\/wp-content\/uploads\/2017\/02\/personaleffects.jpg?resize=1024%2C267&amp;ssl=1 1024w, https:\/\/i0.wp.com\/www.emmanuelcb.com\/wp-content\/uploads\/2017\/02\/personaleffects.jpg?w=1600 1600w\" sizes=\"auto, (max-width: 800px) 100vw, 800px\" \/><\/p>\n<p>La informaci\u00f3n siguiente se ofrece como una gu\u00eda para referencia personal y puede no incluir todos los requisitos necesarios para el despacho de su mercanc\u00eda espec\u00edfica.<\/p>\n<p>Si usted califica como &#8220;Personal estadounidense&#8221; o tiene estado de &#8220;evacuado&#8221; por favor llame para recibir instrucciones espec\u00edficas&#8230;<\/p>\n<p>Un representante de servicios de importaci\u00f3n est\u00e1 disponible para responder a sus preguntas o dudas No dude en llamarnos.<\/p>\n<h4>Lo que Emmanuel Customs Brokers hace por usted como su agente de aduana:<\/h4>\n<ul>\n<li>Ofrece orientaci\u00f3n en cuanto a la documentaci\u00f3n adecuada requerida para despachar su mercanc\u00eda.<\/li>\n<li>Lo ayuda a completar su <a href=\"https:\/\/www.cbp.gov\/sites\/default\/files\/documents\/CBP%20Form%203299.pdf\" target=\"_blank\">formulario de aduana 3299<\/a>.<\/li>\n<li>Trabajamos en conjunto con el Servicio de Aduana y Protecci\u00f3n de Frontera, proveedores, empresas de transporte, puertos, terminales, otras agencias gubernamentales y otras relacionados con la liberaci\u00f3n de su mercanc\u00eda.<\/li>\n<li>Nos aseguramos de que usted cumpla con las leyes y regulaciones que rigen la importaci\u00f3n de sus bienes personales y del hogar.<\/li>\n<li>Seguimos del estado de su env\u00edo durante ex\u00e1menes y retenciones cuando sean requeridas por el CBP, USDA, FDA y otras agencias gubernamentales.<\/li>\n<li>Nos encargamos de entregas, una vez liberado de aduana, a su domicilio o almac\u00e9n.<\/li>\n<\/ul>\n<h4>Lo que necesita saber<\/h4>\n<ul>\n<li>Las &#8220;mudanzas de hogar&#8221; idealmente las manejan empresas de mudanzas\/reubicaci\u00f3n. Se asegurar\u00e1n de que los bienes est\u00e9n correctamente empacados y cargados para transporte a\u00e9reo o mar\u00edtimo y que no se env\u00ede nada prohibido o restringido por el CBP u otra agencia del gobierno. Las compa\u00f1\u00edas de mudanza\/reubicaci\u00f3n tambi\u00e9n se encargan de los detalles de transporte, conocen los requisitos de documentaci\u00f3n y act\u00faan como intermediarios entre los agentes aduaneros y usted. Tambi\u00e9n facilitan la entrega de sus art\u00edculos del hogar una vez que sean despachados por aduana.<\/li>\n<li>La mercanc\u00eda comercial (incluyendo muestras, mercanc\u00eda para reventa, o <strong>mercanc\u00eda comprada en el exterior dentro del pasado a\u00f1o de calendario<\/strong>) no califican como efectos personales para motivos de aduana. En resumen, seguir\u00e1 necesitando un agente pero hay diferentes requisitos y costos. El resultado es que si usted compra mercanc\u00eda mientras est\u00e1 fuera del pa\u00eds y la env\u00eda a los Estados Unidos, esta mercanc\u00eda estar\u00e1 probablemente sujeta a impuestos. Y necesitar\u00e1 que se tramite una &#8220;entrada formal&#8221; con aduana. Consulte con el folleto de aduana debajo para mayor informaci\u00f3n.<\/li>\n<\/ul>\n<h4>Excepciones<\/h4>\n<ul>\n<li>Armas de fuego (incluyendo fuegos artificiales)<\/li>\n<li>Veh\u00edculos<\/li>\n<li>Art\u00edculos de fauna silvestres<\/li>\n<li>Animales vivos<\/li>\n<li>Productos perecederos<\/li>\n<li>Vino o alcohol<\/li>\n<li>Art\u00edculos importados para uso no personal (o reventa)<\/li>\n<li>Alg\u00fan otro art\u00edculo restringido<\/li>\n<\/ul>\n<p>Estos art\u00edculos son regulados por otras agencias gubernamentales adem\u00e1s de aduanas. Si alguno de estos art\u00edculos se incluye en su env\u00edo de efectos personales, por favor <a href=\"http:\/\/www.emmanuelcb.com\/#contact\">contacte con nosotros<\/a> o aduanas para conocer los requisitos de importaci\u00f3n<\/p>\n","protected":false},"excerpt":{"rendered":"<p>La informaci\u00f3n siguiente se ofrece como una gu\u00eda para referencia personal y puede no incluir todos los requisitos necesarios para el despacho de su mercanc\u00eda espec\u00edfica. Si usted califica como &#8230;<\/p>\n","protected":false},"author":1,"featured_media":0,"parent":0,"menu_order":0,"comment_status":"closed","ping_status":"closed","template":"template-fullwidth.php","meta":{"nf_dc_page":"","om_disable_all_campaigns":false,"footnotes":""},"class_list":["post-11","page","type-page","status-publish","hentry"],"translation":{"provider":"WPGlobus","version":"3.0.2","language":"es","enabled_languages":["en","es"],"languages":{"en":{"title":true,"content":true,"excerpt":false},"es":{"title":true,"content":true,"excerpt":false}}},"jetpack_sharing_enabled":true,"_links":{"self":[{"href":"https:\/\/www.emmanuelcb.com\/es\/wp-json\/wp\/v2\/pages\/11","targetHints":{"allow":["GET"]}}],"collection":[{"href":"https:\/\/www.emmanuelcb.com\/es\/wp-json\/wp\/v2\/pages"}],"about":[{"href":"https:\/\/www.emmanuelcb.com\/es\/wp-json\/wp\/v2\/types\/page"}],"author":[{"embeddable":true,"href":"https:\/\/www.emmanuelcb.com\/es\/wp-json\/wp\/v2\/users\/1"}],"replies":[{"embeddable":true,"href":"https:\/\/www.emmanuelcb.com\/es\/wp-json\/wp\/v2\/comments?post=11"}],"version-history":[{"count":11,"href":"https:\/\/www.emmanuelcb.com\/es\/wp-json\/wp\/v2\/pages\/11\/revisions"}],"predecessor-version":[{"id":1386,"href":"https:\/\/www.emmanuelcb.com\/es\/wp-json\/wp\/v2\/pages\/11\/revisions\/1386"}],"wp:attachment":[{"href":"https:\/\/www.emmanuelcb.com\/es\/wp-json\/wp\/v2\/media?parent=11"}],"curies":[{"name":"wp","href":"https:\/\/api.w.org\/{rel}","templated":true}]}}